{"id":236,"date":"2023-08-25T14:08:23","date_gmt":"2023-08-25T12:08:23","guid":{"rendered":"https:\/\/the-bathroom-boutique.com\/?post_type=product&#038;p=236"},"modified":"2023-09-19T13:08:15","modified_gmt":"2023-09-19T11:08:15","slug":"baume-27-creme-legere-intense-regenerative-soft-cream","status":"publish","type":"product","link":"https:\/\/the-bathroom-boutique.com\/de\/product\/baume-27-creme-legere-intense-regenerative-soft-cream\/","title":{"rendered":"BAUME 27 Cr\u00e8me L\u00e9g\u00e8re &#8211; Intense Regenerative Soft Cream"},"content":{"rendered":"<p align=\"justify\">Baume 27 Cr\u00e8me L\u00e9g\u00e8re is a further development of the legendary Baume 27. The light, supple cream with regenerating deep action intensively moisturizes the skin. The excellent properties of this formulation are based on the valuable complex of 3 purified extracts of Centella Asiatica, which significantly improve collagen synthesis and skin texture.<\/p>\n","protected":false},"excerpt":{"rendered":"<p>Baume 27 Cr\u00e8me L\u00e9g\u00e8re is a further development of the legendary Baume 27. The light, supple cream with regenerating deep [&hellip;]<\/p>\n","protected":false},"featured_media":237,"comment_status":"open","ping_status":"closed","template":"","meta":[],"product_cat":[138,22],"product_tag":[],"class_list":["post-236","product","type-product","status-publish","has-post-thumbnail","hentry","product_cat-care","product_cat-moisturizer","pa_brands-c27","pa_concern-normal-skin","pa_concern-oily-skin","pa_concern-dry-skin","pa_concern-sensitive-skin","pa_concern-combination-skin","pa_concern-anti-aging","pa_ingredient-antioxidants","pa_ingredient-vitamin-e"],"_links":{"self":[{"href":"https:\/\/the-bathroom-boutique.com\/de\/wp-json\/wp\/v2\/product\/236","targetHints":{"allow":["GET"]}}],"collection":[{"href":"https:\/\/the-bathroom-boutique.com\/de\/wp-json\/wp\/v2\/product"}],"about":[{"href":"https:\/\/the-bathroom-boutique.com\/de\/wp-json\/wp\/v2\/types\/product"}],"replies":[{"embeddable":true,"href":"https:\/\/the-bathroom-boutique.com\/de\/wp-json\/wp\/v2\/comments?post=236"}],"wp:featuredmedia":[{"embeddable":true,"href":"https:\/\/the-bathroom-boutique.com\/de\/wp-json\/wp\/v2\/media\/237"}],"wp:attachment":[{"href":"https:\/\/the-bathroom-boutique.com\/de\/wp-json\/wp\/v2\/media?parent=236"}],"wp:term":[{"taxonomy":"product_cat","embeddable":true,"href":"https:\/\/the-bathroom-boutique.com\/de\/wp-json\/wp\/v2\/product_cat?post=236"},{"taxonomy":"product_tag","embeddable":true,"href":"https:\/\/the-bathroom-boutique.com\/de\/wp-json\/wp\/v2\/product_tag?post=236"}],"curies":[{"name":"wp","href":"https:\/\/api.w.org\/{rel}","templated":true}]}}